{"id":135,"date":"2023-07-03T09:53:41","date_gmt":"2023-07-03T07:53:41","guid":{"rendered":"http:\/\/xn--mesclsdevivance-fnb.fr\/?page_id=135"},"modified":"2023-10-16T11:33:29","modified_gmt":"2023-10-16T09:33:29","slug":"a-propos-de","status":"publish","type":"page","link":"https:\/\/xn--mesclsdevivance-fnb.fr\/index.php\/a-propos-de\/","title":{"rendered":"\u00c0 propos de"},"content":{"rendered":"\n<div class=\"wp-block-group alignfull is-layout-constrained wp-block-group-is-layout-constrained\" style=\"padding-top:36px;padding-bottom:36px\">\n<div class=\"wp-block-group alignwide is-layout-flow wp-block-group-is-layout-flow\">\n<div class=\"wp-block-columns is-layout-flex wp-container-core-columns-is-layout-28f84493 wp-block-columns-is-layout-flex\">\n<div class=\"wp-block-column is-vertically-aligned-center is-layout-flow wp-block-column-is-layout-flow\" style=\"flex-basis:20%\">\n<p>A propos<\/p>\n<\/div>\n\n\n\n<div class=\"wp-block-column is-vertically-aligned-center is-layout-flow wp-block-column-is-layout-flow\" style=\"flex-basis:80%\">\n<hr class=\"wp-block-separator has-css-opacity is-style-wide\"\/>\n<\/div>\n<\/div>\n<\/div>\n\n\n\n<div class=\"wp-block-columns alignwide is-layout-flex wp-container-core-columns-is-layout-28f84493 wp-block-columns-is-layout-flex\">\n<div class=\"wp-block-column is-layout-flow wp-block-column-is-layout-flow\">\n<p>J\u2019ai exerc\u00e9 le m\u00e9tier d\u2019auxiliaire de vie sociale (AVS) chez les particuliers. Mon travail \u00e9tait d\u2019accompagner ces personnes dans les actes essentiels de la vie quotidienne, et aussi d\u2019apporter un confort de vie, de l\u2019\u00e9coute dans le non-jugement et la bienveillance, en partenariat avec des professionnels de sant\u00e9 ou autre.<\/p>\n\n\n\n<p>Pendant ces 12 ann\u00e9es d\u2019accompagnement je suis intervenue aupr\u00e8s de personnes \u00e2g\u00e9es vieillissantes et\/ou en fin de vie, mais aussi aupr\u00e8s de personne handicap\u00e9e moteur et&nbsp;\/ou mentale ou encore aupr\u00e8s de personnes ayant des comportements pathologiques tels que&nbsp;:<\/p>\n\n\n\n<p>Addictions, d\u00e9pression, autisme, schizophr\u00e9nie.<\/p>\n\n\n\n<p>J\u2018ai eu l\u2019opportunit\u00e9 de devenir formatrice en insertion, r\u00e9insertion sociale au sein d\u2019une association pour laquelle j\u2019exerce toujours et ce depuis 15 ans.<\/p>\n<\/div>\n\n\n\n<div class=\"wp-block-column is-layout-flow wp-block-column-is-layout-flow\">\n<figure class=\"wp-block-image size-large\"><img loading=\"lazy\" decoding=\"async\" width=\"681\" height=\"1024\" src=\"https:\/\/xn--mesclsdevivance-fnb.fr\/wp-content\/uploads\/2023\/10\/papillon-vert-jaune-fleur-lavande-681x1024.jpg\" alt=\"\" class=\"wp-image-267\" srcset=\"https:\/\/xn--mesclsdevivance-fnb.fr\/wp-content\/uploads\/2023\/10\/papillon-vert-jaune-fleur-lavande-681x1024.jpg 681w, https:\/\/xn--mesclsdevivance-fnb.fr\/wp-content\/uploads\/2023\/10\/papillon-vert-jaune-fleur-lavande-199x300.jpg 199w, https:\/\/xn--mesclsdevivance-fnb.fr\/wp-content\/uploads\/2023\/10\/papillon-vert-jaune-fleur-lavande-768x1155.jpg 768w, https:\/\/xn--mesclsdevivance-fnb.fr\/wp-content\/uploads\/2023\/10\/papillon-vert-jaune-fleur-lavande-1021x1536.jpg 1021w, https:\/\/xn--mesclsdevivance-fnb.fr\/wp-content\/uploads\/2023\/10\/papillon-vert-jaune-fleur-lavande-1362x2048.jpg 1362w, https:\/\/xn--mesclsdevivance-fnb.fr\/wp-content\/uploads\/2023\/10\/papillon-vert-jaune-fleur-lavande-scaled.jpg 1702w\" sizes=\"auto, (max-width: 681px) 100vw, 681px\" \/><\/figure>\n<\/div>\n<\/div>\n\n\n\n<div class=\"wp-block-columns alignwide is-layout-flex wp-container-core-columns-is-layout-28f84493 wp-block-columns-is-layout-flex\">\n<div class=\"wp-block-column is-layout-flow wp-block-column-is-layout-flow\">\n<p>De plus j\u2019ai actuellement l\u2019opportunit\u00e9 d\u2019accompagner des petits groupes de public senior pour des s\u00e9ances de sophrologie. J\u2019interviens sur la d\u00e9tente, la confiance en soi, l\u2019estime de soi, la remobilisation par la m\u00e9diation corporelle.<\/p>\n\n\n\n<p>Le confinement m\u2019a permis de me recentrer sur moi-m\u00eame, sur mes valeurs de vie et mes attentes. Ce temps, cette r\u00e9flexion m\u2019ont amen\u00e9 \u00e0 m\u2019orienter vers une reconversion professionnelle partielle, vers la profession de sophrologue, o\u00f9 je pourrais agir selon mes croyances et convictions, en donnant au public aid\u00e9 des moyens et connaissances afin d\u2019am\u00e9liorer leur quotidien.<\/p>\n\n\n\n<p>J\u2019ai donc fait le choix de me former aupr\u00e8s de l\u2019institut de formation \u00e0 la sophrologie <strong>IFS PARIS 10 -\u00e8me<\/strong>, institut reconnu par <strong>QUALIOPI<\/strong> qui est \u00e9galement enregistr\u00e9 au r\u00e9pertoire national de la certification professionnelle, Titre<strong> de sophrologue de niveau 5 (EUROPE)<\/strong> Titre que j\u2019ai obtenu : 14\/09\/2022<\/p>\n\n\n\n<p>Mes connaissances, comp\u00e9tences et qualit\u00e9 d\u2019\u00e9coute dans la bienveillance et le non-jugement m\u2019am\u00e8ne \u00e0 vous proposer de vous accompagner vers un mieux-\u00eatre.<\/p>\n\n\n\n<p><\/p>\n<\/div>\n<\/div>\n<\/div>\n","protected":false},"excerpt":{"rendered":"<p>A propos J\u2019ai exerc\u00e9 le m\u00e9tier d\u2019auxiliaire de vie sociale (AVS) chez les particuliers. Mon travail \u00e9tait d\u2019accompagner ces personnes dans les actes essentiels de la vie quotidienne, et aussi d\u2019apporter un confort de vie, de l\u2019\u00e9coute dans le non-jugement et la bienveillance, en partenariat avec des professionnels de sant\u00e9 ou autre. Pendant ces 12 [&hellip;]<\/p>\n","protected":false},"author":1,"featured_media":0,"parent":0,"menu_order":0,"comment_status":"closed","ping_status":"closed","template":"","meta":{"footnotes":""},"class_list":["post-135","page","type-page","status-publish","hentry"],"yoast_head":"<!-- This site is optimized with the Yoast SEO plugin v27.4 - https:\/\/yoast.com\/product\/yoast-seo-wordpress\/ -->\n<title>\u00c0 propos de - Nathalie Poulain, sophrologue<\/title>\n<meta name=\"description\" content=\"qualiopi sophrophologie rouen confinement soin\" \/>\n<meta name=\"robots\" content=\"index, follow, max-snippet:-1, max-image-preview:large, max-video-preview:-1\" \/>\n<link rel=\"canonical\" href=\"https:\/\/xn--mesclsdevivance-fnb.fr\/index.php\/a-propos-de\/\" \/>\n<meta property=\"og:locale\" content=\"fr_FR\" \/>\n<meta property=\"og:type\" content=\"article\" \/>\n<meta property=\"og:title\" content=\"\u00c0 propos de - Nathalie Poulain, sophrologue\" \/>\n<meta property=\"og:description\" content=\"qualiopi sophrophologie rouen confinement soin\" \/>\n<meta property=\"og:url\" content=\"https:\/\/xn--mesclsdevivance-fnb.fr\/index.php\/a-propos-de\/\" \/>\n<meta property=\"og:site_name\" content=\"Nathalie Poulain, sophrologue\" \/>\n<meta property=\"article:modified_time\" content=\"2023-10-16T09:33:29+00:00\" \/>\n<meta property=\"og:image\" content=\"http:\/\/xn--mesclsdevivance-fnb.fr\/wp-content\/uploads\/2023\/10\/papillon-vert-jaune-fleur-lavande-681x1024.jpg\" \/>\n<meta name=\"twitter:card\" content=\"summary_large_image\" \/>\n<meta name=\"twitter:label1\" content=\"Dur\u00e9e de lecture estim\u00e9e\" \/>\n\t<meta name=\"twitter:data1\" content=\"2 minutes\" \/>\n<script type=\"application\/ld+json\" class=\"yoast-schema-graph\">{\"@context\":\"https:\\\/\\\/schema.org\",\"@graph\":[{\"@type\":\"WebPage\",\"@id\":\"https:\\\/\\\/xn--mesclsdevivance-fnb.fr\\\/index.php\\\/a-propos-de\\\/\",\"url\":\"https:\\\/\\\/xn--mesclsdevivance-fnb.fr\\\/index.php\\\/a-propos-de\\\/\",\"name\":\"\u00c0 propos de - Nathalie Poulain, sophrologue\",\"isPartOf\":{\"@id\":\"https:\\\/\\\/xn--mesclsdevivance-fnb.fr\\\/#website\"},\"primaryImageOfPage\":{\"@id\":\"https:\\\/\\\/xn--mesclsdevivance-fnb.fr\\\/index.php\\\/a-propos-de\\\/#primaryimage\"},\"image\":{\"@id\":\"https:\\\/\\\/xn--mesclsdevivance-fnb.fr\\\/index.php\\\/a-propos-de\\\/#primaryimage\"},\"thumbnailUrl\":\"http:\\\/\\\/xn--mesclsdevivance-fnb.fr\\\/wp-content\\\/uploads\\\/2023\\\/10\\\/papillon-vert-jaune-fleur-lavande-681x1024.jpg\",\"datePublished\":\"2023-07-03T07:53:41+00:00\",\"dateModified\":\"2023-10-16T09:33:29+00:00\",\"description\":\"qualiopi sophrophologie rouen confinement soin\",\"breadcrumb\":{\"@id\":\"https:\\\/\\\/xn--mesclsdevivance-fnb.fr\\\/index.php\\\/a-propos-de\\\/#breadcrumb\"},\"inLanguage\":\"fr-FR\",\"potentialAction\":[{\"@type\":\"ReadAction\",\"target\":[\"https:\\\/\\\/xn--mesclsdevivance-fnb.fr\\\/index.php\\\/a-propos-de\\\/\"]}]},{\"@type\":\"ImageObject\",\"inLanguage\":\"fr-FR\",\"@id\":\"https:\\\/\\\/xn--mesclsdevivance-fnb.fr\\\/index.php\\\/a-propos-de\\\/#primaryimage\",\"url\":\"https:\\\/\\\/xn--mesclsdevivance-fnb.fr\\\/wp-content\\\/uploads\\\/2023\\\/10\\\/papillon-vert-jaune-fleur-lavande-scaled.jpg\",\"contentUrl\":\"https:\\\/\\\/xn--mesclsdevivance-fnb.fr\\\/wp-content\\\/uploads\\\/2023\\\/10\\\/papillon-vert-jaune-fleur-lavande-scaled.jpg\",\"width\":1702,\"height\":2560},{\"@type\":\"BreadcrumbList\",\"@id\":\"https:\\\/\\\/xn--mesclsdevivance-fnb.fr\\\/index.php\\\/a-propos-de\\\/#breadcrumb\",\"itemListElement\":[{\"@type\":\"ListItem\",\"position\":1,\"name\":\"Accueil\",\"item\":\"https:\\\/\\\/xn--mesclsdevivance-fnb.fr\\\/\"},{\"@type\":\"ListItem\",\"position\":2,\"name\":\"\u00c0 propos de\"}]},{\"@type\":\"WebSite\",\"@id\":\"https:\\\/\\\/xn--mesclsdevivance-fnb.fr\\\/#website\",\"url\":\"https:\\\/\\\/xn--mesclsdevivance-fnb.fr\\\/\",\"name\":\"Nathalie Poulain, sophrologue\",\"description\":\"Mes Cl\u00e9s de vivance\",\"publisher\":{\"@id\":\"https:\\\/\\\/xn--mesclsdevivance-fnb.fr\\\/#organization\"},\"potentialAction\":[{\"@type\":\"SearchAction\",\"target\":{\"@type\":\"EntryPoint\",\"urlTemplate\":\"https:\\\/\\\/xn--mesclsdevivance-fnb.fr\\\/?s={search_term_string}\"},\"query-input\":{\"@type\":\"PropertyValueSpecification\",\"valueRequired\":true,\"valueName\":\"search_term_string\"}}],\"inLanguage\":\"fr-FR\"},{\"@type\":\"Organization\",\"@id\":\"https:\\\/\\\/xn--mesclsdevivance-fnb.fr\\\/#organization\",\"name\":\"Nathalie Poulain, sophrologue\",\"url\":\"https:\\\/\\\/xn--mesclsdevivance-fnb.fr\\\/\",\"logo\":{\"@type\":\"ImageObject\",\"inLanguage\":\"fr-FR\",\"@id\":\"https:\\\/\\\/xn--mesclsdevivance-fnb.fr\\\/#\\\/schema\\\/logo\\\/image\\\/\",\"url\":\"https:\\\/\\\/xn--mesclsdevivance-fnb.fr\\\/wp-content\\\/uploads\\\/2023\\\/10\\\/23-logo-clesdevivance.png\",\"contentUrl\":\"https:\\\/\\\/xn--mesclsdevivance-fnb.fr\\\/wp-content\\\/uploads\\\/2023\\\/10\\\/23-logo-clesdevivance.png\",\"width\":1080,\"height\":1080,\"caption\":\"Nathalie Poulain, sophrologue\"},\"image\":{\"@id\":\"https:\\\/\\\/xn--mesclsdevivance-fnb.fr\\\/#\\\/schema\\\/logo\\\/image\\\/\"}}]}<\/script>\n<!-- \/ Yoast SEO plugin. -->","yoast_head_json":{"title":"\u00c0 propos de - Nathalie Poulain, sophrologue","description":"qualiopi sophrophologie rouen confinement soin","robots":{"index":"index","follow":"follow","max-snippet":"max-snippet:-1","max-image-preview":"max-image-preview:large","max-video-preview":"max-video-preview:-1"},"canonical":"https:\/\/xn--mesclsdevivance-fnb.fr\/index.php\/a-propos-de\/","og_locale":"fr_FR","og_type":"article","og_title":"\u00c0 propos de - Nathalie Poulain, sophrologue","og_description":"qualiopi sophrophologie rouen confinement soin","og_url":"https:\/\/xn--mesclsdevivance-fnb.fr\/index.php\/a-propos-de\/","og_site_name":"Nathalie Poulain, sophrologue","article_modified_time":"2023-10-16T09:33:29+00:00","og_image":[{"url":"http:\/\/xn--mesclsdevivance-fnb.fr\/wp-content\/uploads\/2023\/10\/papillon-vert-jaune-fleur-lavande-681x1024.jpg","type":"","width":"","height":""}],"twitter_card":"summary_large_image","twitter_misc":{"Dur\u00e9e de lecture estim\u00e9e":"2 minutes"},"schema":{"@context":"https:\/\/schema.org","@graph":[{"@type":"WebPage","@id":"https:\/\/xn--mesclsdevivance-fnb.fr\/index.php\/a-propos-de\/","url":"https:\/\/xn--mesclsdevivance-fnb.fr\/index.php\/a-propos-de\/","name":"\u00c0 propos de - Nathalie Poulain, sophrologue","isPartOf":{"@id":"https:\/\/xn--mesclsdevivance-fnb.fr\/#website"},"primaryImageOfPage":{"@id":"https:\/\/xn--mesclsdevivance-fnb.fr\/index.php\/a-propos-de\/#primaryimage"},"image":{"@id":"https:\/\/xn--mesclsdevivance-fnb.fr\/index.php\/a-propos-de\/#primaryimage"},"thumbnailUrl":"http:\/\/xn--mesclsdevivance-fnb.fr\/wp-content\/uploads\/2023\/10\/papillon-vert-jaune-fleur-lavande-681x1024.jpg","datePublished":"2023-07-03T07:53:41+00:00","dateModified":"2023-10-16T09:33:29+00:00","description":"qualiopi sophrophologie rouen confinement soin","breadcrumb":{"@id":"https:\/\/xn--mesclsdevivance-fnb.fr\/index.php\/a-propos-de\/#breadcrumb"},"inLanguage":"fr-FR","potentialAction":[{"@type":"ReadAction","target":["https:\/\/xn--mesclsdevivance-fnb.fr\/index.php\/a-propos-de\/"]}]},{"@type":"ImageObject","inLanguage":"fr-FR","@id":"https:\/\/xn--mesclsdevivance-fnb.fr\/index.php\/a-propos-de\/#primaryimage","url":"https:\/\/xn--mesclsdevivance-fnb.fr\/wp-content\/uploads\/2023\/10\/papillon-vert-jaune-fleur-lavande-scaled.jpg","contentUrl":"https:\/\/xn--mesclsdevivance-fnb.fr\/wp-content\/uploads\/2023\/10\/papillon-vert-jaune-fleur-lavande-scaled.jpg","width":1702,"height":2560},{"@type":"BreadcrumbList","@id":"https:\/\/xn--mesclsdevivance-fnb.fr\/index.php\/a-propos-de\/#breadcrumb","itemListElement":[{"@type":"ListItem","position":1,"name":"Accueil","item":"https:\/\/xn--mesclsdevivance-fnb.fr\/"},{"@type":"ListItem","position":2,"name":"\u00c0 propos de"}]},{"@type":"WebSite","@id":"https:\/\/xn--mesclsdevivance-fnb.fr\/#website","url":"https:\/\/xn--mesclsdevivance-fnb.fr\/","name":"Nathalie Poulain, sophrologue","description":"Mes Cl\u00e9s de vivance","publisher":{"@id":"https:\/\/xn--mesclsdevivance-fnb.fr\/#organization"},"potentialAction":[{"@type":"SearchAction","target":{"@type":"EntryPoint","urlTemplate":"https:\/\/xn--mesclsdevivance-fnb.fr\/?s={search_term_string}"},"query-input":{"@type":"PropertyValueSpecification","valueRequired":true,"valueName":"search_term_string"}}],"inLanguage":"fr-FR"},{"@type":"Organization","@id":"https:\/\/xn--mesclsdevivance-fnb.fr\/#organization","name":"Nathalie Poulain, sophrologue","url":"https:\/\/xn--mesclsdevivance-fnb.fr\/","logo":{"@type":"ImageObject","inLanguage":"fr-FR","@id":"https:\/\/xn--mesclsdevivance-fnb.fr\/#\/schema\/logo\/image\/","url":"https:\/\/xn--mesclsdevivance-fnb.fr\/wp-content\/uploads\/2023\/10\/23-logo-clesdevivance.png","contentUrl":"https:\/\/xn--mesclsdevivance-fnb.fr\/wp-content\/uploads\/2023\/10\/23-logo-clesdevivance.png","width":1080,"height":1080,"caption":"Nathalie Poulain, sophrologue"},"image":{"@id":"https:\/\/xn--mesclsdevivance-fnb.fr\/#\/schema\/logo\/image\/"}}]}},"_links":{"self":[{"href":"https:\/\/xn--mesclsdevivance-fnb.fr\/index.php\/wp-json\/wp\/v2\/pages\/135","targetHints":{"allow":["GET"]}}],"collection":[{"href":"https:\/\/xn--mesclsdevivance-fnb.fr\/index.php\/wp-json\/wp\/v2\/pages"}],"about":[{"href":"https:\/\/xn--mesclsdevivance-fnb.fr\/index.php\/wp-json\/wp\/v2\/types\/page"}],"author":[{"embeddable":true,"href":"https:\/\/xn--mesclsdevivance-fnb.fr\/index.php\/wp-json\/wp\/v2\/users\/1"}],"replies":[{"embeddable":true,"href":"https:\/\/xn--mesclsdevivance-fnb.fr\/index.php\/wp-json\/wp\/v2\/comments?post=135"}],"version-history":[{"count":6,"href":"https:\/\/xn--mesclsdevivance-fnb.fr\/index.php\/wp-json\/wp\/v2\/pages\/135\/revisions"}],"predecessor-version":[{"id":298,"href":"https:\/\/xn--mesclsdevivance-fnb.fr\/index.php\/wp-json\/wp\/v2\/pages\/135\/revisions\/298"}],"wp:attachment":[{"href":"https:\/\/xn--mesclsdevivance-fnb.fr\/index.php\/wp-json\/wp\/v2\/media?parent=135"}],"curies":[{"name":"wp","href":"https:\/\/api.w.org\/{rel}","templated":true}]}}