{"id":136,"date":"2023-07-03T09:53:41","date_gmt":"2023-07-03T07:53:41","guid":{"rendered":"http:\/\/xn--mesclsdevivance-fnb.fr\/?page_id=136"},"modified":"2024-06-11T15:17:16","modified_gmt":"2024-06-11T13:17:16","slug":"contact","status":"publish","type":"page","link":"https:\/\/xn--mesclsdevivance-fnb.fr\/index.php\/contact\/","title":{"rendered":"Contact"},"content":{"rendered":"\n<figure class=\"wp-block-image aligncenter size-large is-resized is-style-rounded\"><img loading=\"lazy\" decoding=\"async\" width=\"1024\" height=\"1024\" src=\"https:\/\/xn--mesclsdevivance-fnb.fr\/wp-content\/uploads\/2023\/10\/23-logo-clesdevivance-1024x1024.png\" alt=\"\" class=\"wp-image-291\" style=\"width:100px;height:100px\" srcset=\"https:\/\/xn--mesclsdevivance-fnb.fr\/wp-content\/uploads\/2023\/10\/23-logo-clesdevivance-1024x1024.png 1024w, https:\/\/xn--mesclsdevivance-fnb.fr\/wp-content\/uploads\/2023\/10\/23-logo-clesdevivance-300x300.png 300w, https:\/\/xn--mesclsdevivance-fnb.fr\/wp-content\/uploads\/2023\/10\/23-logo-clesdevivance-150x150.png 150w, https:\/\/xn--mesclsdevivance-fnb.fr\/wp-content\/uploads\/2023\/10\/23-logo-clesdevivance-768x768.png 768w, https:\/\/xn--mesclsdevivance-fnb.fr\/wp-content\/uploads\/2023\/10\/23-logo-clesdevivance.png 1080w\" sizes=\"auto, (max-width: 1024px) 100vw, 1024px\" \/><\/figure>\n\n\n\n<div class=\"wp-block-group alignfull is-layout-constrained wp-container-core-group-is-layout-f2672636 wp-block-group-is-layout-constrained\" style=\"padding-top:1.7rem;padding-bottom:1.7rem\">\n<div class=\"wp-block-group is-layout-flow wp-block-group-is-layout-flow\">\n<div class=\"wp-block-buttons is-horizontal is-content-justification-left is-layout-flex wp-container-core-buttons-is-layout-20be11b6 wp-block-buttons-is-layout-flex\">\n<div class=\"wp-block-button has-custom-width wp-block-button__width-100 is-style-fill\"><a class=\"wp-block-button__link wp-element-button\" style=\"border-radius:6px\">Par t\u00e9l\u00e9phone : 06.21.47.45.49<\/a><\/div>\n\n\n\n<div class=\"wp-block-button has-custom-width wp-block-button__width-100 is-style-fill\"><a class=\"wp-block-button__link wp-element-button\" style=\"border-radius:6px\">Par mail : <em>nathalie72-poulain@outlook.fr<\/em><\/a><\/div>\n<\/div>\n\n\n\n<div style=\"height:40px\" aria-hidden=\"true\" class=\"wp-block-spacer\"><\/div>\n<\/div>\n\n\n\n<ul class=\"wp-block-social-links has-icon-color is-style-logos-only is-content-justification-center is-layout-flex wp-container-core-social-links-is-layout-a89b3969 wp-block-social-links-is-layout-flex\"><\/ul>\n<\/div>\n","protected":false},"excerpt":{"rendered":"","protected":false},"author":1,"featured_media":0,"parent":0,"menu_order":0,"comment_status":"closed","ping_status":"closed","template":"","meta":{"footnotes":""},"class_list":["post-136","page","type-page","status-publish","hentry"],"yoast_head":"<!-- This site is optimized with the Yoast SEO plugin v27.4 - https:\/\/yoast.com\/product\/yoast-seo-wordpress\/ -->\n<title>Joindre sophrologue Rouen Nathalie Poulain Mes Cl\u00e9s de Vivance<\/title>\n<meta name=\"description\" content=\"SOPHROLOGUE Rouen rive droite Nathalie Poulain Joindre Mes Cl\u00e9s De Vivance prendre un rendez-vous par mail ,par t\u00e9l\u00e9phone\" \/>\n<meta name=\"robots\" content=\"index, follow, max-snippet:-1, max-image-preview:large, max-video-preview:-1\" \/>\n<link rel=\"canonical\" href=\"https:\/\/xn--mesclsdevivance-fnb.fr\/index.php\/contact\/\" \/>\n<meta property=\"og:locale\" content=\"fr_FR\" \/>\n<meta property=\"og:type\" content=\"article\" \/>\n<meta property=\"og:title\" content=\"Joindre sophrologue Rouen Nathalie Poulain Mes Cl\u00e9s de Vivance\" \/>\n<meta property=\"og:description\" content=\"SOPHROLOGUE Rouen rive droite Nathalie Poulain Joindre Mes Cl\u00e9s De Vivance prendre un rendez-vous par mail ,par t\u00e9l\u00e9phone\" \/>\n<meta property=\"og:url\" content=\"https:\/\/xn--mesclsdevivance-fnb.fr\/index.php\/contact\/\" \/>\n<meta property=\"og:site_name\" content=\"Nathalie Poulain, sophrologue\" \/>\n<meta property=\"article:modified_time\" content=\"2024-06-11T13:17:16+00:00\" \/>\n<meta property=\"og:image\" content=\"http:\/\/xn--mesclsdevivance-fnb.fr\/wp-content\/uploads\/2023\/10\/23-logo-clesdevivance-1024x1024.png\" \/>\n<meta name=\"twitter:card\" content=\"summary_large_image\" \/>\n<meta name=\"twitter:label1\" content=\"Dur\u00e9e de lecture estim\u00e9e\" \/>\n\t<meta name=\"twitter:data1\" content=\"1 minute\" \/>\n<script type=\"application\/ld+json\" class=\"yoast-schema-graph\">{\"@context\":\"https:\\\/\\\/schema.org\",\"@graph\":[{\"@type\":\"WebPage\",\"@id\":\"https:\\\/\\\/xn--mesclsdevivance-fnb.fr\\\/index.php\\\/contact\\\/\",\"url\":\"https:\\\/\\\/xn--mesclsdevivance-fnb.fr\\\/index.php\\\/contact\\\/\",\"name\":\"Joindre sophrologue Rouen Nathalie Poulain Mes Cl\u00e9s de Vivance\",\"isPartOf\":{\"@id\":\"https:\\\/\\\/xn--mesclsdevivance-fnb.fr\\\/#website\"},\"primaryImageOfPage\":{\"@id\":\"https:\\\/\\\/xn--mesclsdevivance-fnb.fr\\\/index.php\\\/contact\\\/#primaryimage\"},\"image\":{\"@id\":\"https:\\\/\\\/xn--mesclsdevivance-fnb.fr\\\/index.php\\\/contact\\\/#primaryimage\"},\"thumbnailUrl\":\"http:\\\/\\\/xn--mesclsdevivance-fnb.fr\\\/wp-content\\\/uploads\\\/2023\\\/10\\\/23-logo-clesdevivance-1024x1024.png\",\"datePublished\":\"2023-07-03T07:53:41+00:00\",\"dateModified\":\"2024-06-11T13:17:16+00:00\",\"description\":\"SOPHROLOGUE Rouen rive droite Nathalie Poulain Joindre Mes Cl\u00e9s De Vivance prendre un rendez-vous par mail ,par t\u00e9l\u00e9phone\",\"breadcrumb\":{\"@id\":\"https:\\\/\\\/xn--mesclsdevivance-fnb.fr\\\/index.php\\\/contact\\\/#breadcrumb\"},\"inLanguage\":\"fr-FR\",\"potentialAction\":[{\"@type\":\"ReadAction\",\"target\":[\"https:\\\/\\\/xn--mesclsdevivance-fnb.fr\\\/index.php\\\/contact\\\/\"]}]},{\"@type\":\"ImageObject\",\"inLanguage\":\"fr-FR\",\"@id\":\"https:\\\/\\\/xn--mesclsdevivance-fnb.fr\\\/index.php\\\/contact\\\/#primaryimage\",\"url\":\"http:\\\/\\\/xn--mesclsdevivance-fnb.fr\\\/wp-content\\\/uploads\\\/2023\\\/10\\\/23-logo-clesdevivance-1024x1024.png\",\"contentUrl\":\"http:\\\/\\\/xn--mesclsdevivance-fnb.fr\\\/wp-content\\\/uploads\\\/2023\\\/10\\\/23-logo-clesdevivance-1024x1024.png\"},{\"@type\":\"BreadcrumbList\",\"@id\":\"https:\\\/\\\/xn--mesclsdevivance-fnb.fr\\\/index.php\\\/contact\\\/#breadcrumb\",\"itemListElement\":[{\"@type\":\"ListItem\",\"position\":1,\"name\":\"Accueil\",\"item\":\"https:\\\/\\\/xn--mesclsdevivance-fnb.fr\\\/\"},{\"@type\":\"ListItem\",\"position\":2,\"name\":\"Contact\"}]},{\"@type\":\"WebSite\",\"@id\":\"https:\\\/\\\/xn--mesclsdevivance-fnb.fr\\\/#website\",\"url\":\"https:\\\/\\\/xn--mesclsdevivance-fnb.fr\\\/\",\"name\":\"Nathalie Poulain, sophrologue\",\"description\":\"Mes Cl\u00e9s de vivance\",\"publisher\":{\"@id\":\"https:\\\/\\\/xn--mesclsdevivance-fnb.fr\\\/#organization\"},\"potentialAction\":[{\"@type\":\"SearchAction\",\"target\":{\"@type\":\"EntryPoint\",\"urlTemplate\":\"https:\\\/\\\/xn--mesclsdevivance-fnb.fr\\\/?s={search_term_string}\"},\"query-input\":{\"@type\":\"PropertyValueSpecification\",\"valueRequired\":true,\"valueName\":\"search_term_string\"}}],\"inLanguage\":\"fr-FR\"},{\"@type\":\"Organization\",\"@id\":\"https:\\\/\\\/xn--mesclsdevivance-fnb.fr\\\/#organization\",\"name\":\"Nathalie Poulain, sophrologue\",\"url\":\"https:\\\/\\\/xn--mesclsdevivance-fnb.fr\\\/\",\"logo\":{\"@type\":\"ImageObject\",\"inLanguage\":\"fr-FR\",\"@id\":\"https:\\\/\\\/xn--mesclsdevivance-fnb.fr\\\/#\\\/schema\\\/logo\\\/image\\\/\",\"url\":\"https:\\\/\\\/xn--mesclsdevivance-fnb.fr\\\/wp-content\\\/uploads\\\/2023\\\/10\\\/23-logo-clesdevivance.png\",\"contentUrl\":\"https:\\\/\\\/xn--mesclsdevivance-fnb.fr\\\/wp-content\\\/uploads\\\/2023\\\/10\\\/23-logo-clesdevivance.png\",\"width\":1080,\"height\":1080,\"caption\":\"Nathalie Poulain, sophrologue\"},\"image\":{\"@id\":\"https:\\\/\\\/xn--mesclsdevivance-fnb.fr\\\/#\\\/schema\\\/logo\\\/image\\\/\"}}]}<\/script>\n<!-- \/ Yoast SEO plugin. -->","yoast_head_json":{"title":"Joindre sophrologue Rouen Nathalie Poulain Mes Cl\u00e9s de Vivance","description":"SOPHROLOGUE Rouen rive droite Nathalie Poulain Joindre Mes Cl\u00e9s De Vivance prendre un rendez-vous par mail ,par t\u00e9l\u00e9phone","robots":{"index":"index","follow":"follow","max-snippet":"max-snippet:-1","max-image-preview":"max-image-preview:large","max-video-preview":"max-video-preview:-1"},"canonical":"https:\/\/xn--mesclsdevivance-fnb.fr\/index.php\/contact\/","og_locale":"fr_FR","og_type":"article","og_title":"Joindre sophrologue Rouen Nathalie Poulain Mes Cl\u00e9s de Vivance","og_description":"SOPHROLOGUE Rouen rive droite Nathalie Poulain Joindre Mes Cl\u00e9s De Vivance prendre un rendez-vous par mail ,par t\u00e9l\u00e9phone","og_url":"https:\/\/xn--mesclsdevivance-fnb.fr\/index.php\/contact\/","og_site_name":"Nathalie Poulain, sophrologue","article_modified_time":"2024-06-11T13:17:16+00:00","og_image":[{"url":"http:\/\/xn--mesclsdevivance-fnb.fr\/wp-content\/uploads\/2023\/10\/23-logo-clesdevivance-1024x1024.png","type":"","width":"","height":""}],"twitter_card":"summary_large_image","twitter_misc":{"Dur\u00e9e de lecture estim\u00e9e":"1 minute"},"schema":{"@context":"https:\/\/schema.org","@graph":[{"@type":"WebPage","@id":"https:\/\/xn--mesclsdevivance-fnb.fr\/index.php\/contact\/","url":"https:\/\/xn--mesclsdevivance-fnb.fr\/index.php\/contact\/","name":"Joindre sophrologue Rouen Nathalie Poulain Mes Cl\u00e9s de Vivance","isPartOf":{"@id":"https:\/\/xn--mesclsdevivance-fnb.fr\/#website"},"primaryImageOfPage":{"@id":"https:\/\/xn--mesclsdevivance-fnb.fr\/index.php\/contact\/#primaryimage"},"image":{"@id":"https:\/\/xn--mesclsdevivance-fnb.fr\/index.php\/contact\/#primaryimage"},"thumbnailUrl":"http:\/\/xn--mesclsdevivance-fnb.fr\/wp-content\/uploads\/2023\/10\/23-logo-clesdevivance-1024x1024.png","datePublished":"2023-07-03T07:53:41+00:00","dateModified":"2024-06-11T13:17:16+00:00","description":"SOPHROLOGUE Rouen rive droite Nathalie Poulain Joindre Mes Cl\u00e9s De Vivance prendre un rendez-vous par mail ,par t\u00e9l\u00e9phone","breadcrumb":{"@id":"https:\/\/xn--mesclsdevivance-fnb.fr\/index.php\/contact\/#breadcrumb"},"inLanguage":"fr-FR","potentialAction":[{"@type":"ReadAction","target":["https:\/\/xn--mesclsdevivance-fnb.fr\/index.php\/contact\/"]}]},{"@type":"ImageObject","inLanguage":"fr-FR","@id":"https:\/\/xn--mesclsdevivance-fnb.fr\/index.php\/contact\/#primaryimage","url":"http:\/\/xn--mesclsdevivance-fnb.fr\/wp-content\/uploads\/2023\/10\/23-logo-clesdevivance-1024x1024.png","contentUrl":"http:\/\/xn--mesclsdevivance-fnb.fr\/wp-content\/uploads\/2023\/10\/23-logo-clesdevivance-1024x1024.png"},{"@type":"BreadcrumbList","@id":"https:\/\/xn--mesclsdevivance-fnb.fr\/index.php\/contact\/#breadcrumb","itemListElement":[{"@type":"ListItem","position":1,"name":"Accueil","item":"https:\/\/xn--mesclsdevivance-fnb.fr\/"},{"@type":"ListItem","position":2,"name":"Contact"}]},{"@type":"WebSite","@id":"https:\/\/xn--mesclsdevivance-fnb.fr\/#website","url":"https:\/\/xn--mesclsdevivance-fnb.fr\/","name":"Nathalie Poulain, sophrologue","description":"Mes Cl\u00e9s de vivance","publisher":{"@id":"https:\/\/xn--mesclsdevivance-fnb.fr\/#organization"},"potentialAction":[{"@type":"SearchAction","target":{"@type":"EntryPoint","urlTemplate":"https:\/\/xn--mesclsdevivance-fnb.fr\/?s={search_term_string}"},"query-input":{"@type":"PropertyValueSpecification","valueRequired":true,"valueName":"search_term_string"}}],"inLanguage":"fr-FR"},{"@type":"Organization","@id":"https:\/\/xn--mesclsdevivance-fnb.fr\/#organization","name":"Nathalie Poulain, sophrologue","url":"https:\/\/xn--mesclsdevivance-fnb.fr\/","logo":{"@type":"ImageObject","inLanguage":"fr-FR","@id":"https:\/\/xn--mesclsdevivance-fnb.fr\/#\/schema\/logo\/image\/","url":"https:\/\/xn--mesclsdevivance-fnb.fr\/wp-content\/uploads\/2023\/10\/23-logo-clesdevivance.png","contentUrl":"https:\/\/xn--mesclsdevivance-fnb.fr\/wp-content\/uploads\/2023\/10\/23-logo-clesdevivance.png","width":1080,"height":1080,"caption":"Nathalie Poulain, sophrologue"},"image":{"@id":"https:\/\/xn--mesclsdevivance-fnb.fr\/#\/schema\/logo\/image\/"}}]}},"_links":{"self":[{"href":"https:\/\/xn--mesclsdevivance-fnb.fr\/index.php\/wp-json\/wp\/v2\/pages\/136","targetHints":{"allow":["GET"]}}],"collection":[{"href":"https:\/\/xn--mesclsdevivance-fnb.fr\/index.php\/wp-json\/wp\/v2\/pages"}],"about":[{"href":"https:\/\/xn--mesclsdevivance-fnb.fr\/index.php\/wp-json\/wp\/v2\/types\/page"}],"author":[{"embeddable":true,"href":"https:\/\/xn--mesclsdevivance-fnb.fr\/index.php\/wp-json\/wp\/v2\/users\/1"}],"replies":[{"embeddable":true,"href":"https:\/\/xn--mesclsdevivance-fnb.fr\/index.php\/wp-json\/wp\/v2\/comments?post=136"}],"version-history":[{"count":4,"href":"https:\/\/xn--mesclsdevivance-fnb.fr\/index.php\/wp-json\/wp\/v2\/pages\/136\/revisions"}],"predecessor-version":[{"id":315,"href":"https:\/\/xn--mesclsdevivance-fnb.fr\/index.php\/wp-json\/wp\/v2\/pages\/136\/revisions\/315"}],"wp:attachment":[{"href":"https:\/\/xn--mesclsdevivance-fnb.fr\/index.php\/wp-json\/wp\/v2\/media?parent=136"}],"curies":[{"name":"wp","href":"https:\/\/api.w.org\/{rel}","templated":true}]}}