{"id":59,"date":"2023-10-03T14:25:54","date_gmt":"2023-10-03T12:25:54","guid":{"rendered":"http:\/\/xn--mesclsdevivance-fnb.fr\/?page_id=59"},"modified":"2024-06-11T15:26:14","modified_gmt":"2024-06-11T13:26:14","slug":"publics-accompagnes","status":"publish","type":"page","link":"https:\/\/xn--mesclsdevivance-fnb.fr\/index.php\/publics-accompagnes\/","title":{"rendered":"Accompagnement &#038; Publics"},"content":{"rendered":"\n<div class=\"wp-block-group alignfull is-layout-constrained wp-block-group-is-layout-constrained\" style=\"padding-top:var(--wp--custom--spacing--large, 8rem);padding-bottom:var(--wp--custom--spacing--large, 8rem)\">\n<div class=\"wp-block-group alignwide is-layout-flow wp-block-group-is-layout-flow\">\n<div class=\"wp-block-columns is-layout-flex wp-container-core-columns-is-layout-28f84493 wp-block-columns-is-layout-flex\">\n<div class=\"wp-block-column is-vertically-aligned-center is-layout-flow wp-block-column-is-layout-flow\" style=\"flex-basis:20%\">\n<p>Accompagnement propos\u00e9 &amp; publics<\/p>\n<\/div>\n\n\n\n<div class=\"wp-block-column is-vertically-aligned-center is-layout-flow wp-block-column-is-layout-flow\" style=\"flex-basis:80%\">\n<hr class=\"wp-block-separator has-css-opacity is-style-wide\"\/>\n<\/div>\n<\/div>\n<\/div>\n\n\n\n<div class=\"wp-block-columns is-layout-flex wp-container-core-columns-is-layout-28f84493 wp-block-columns-is-layout-flex\">\n<div class=\"wp-block-column is-layout-flow wp-block-column-is-layout-flow\">\n<p><strong>L&rsquo;am\u00e9lioration du quotidien<\/strong><\/p>\n\n\n\n<ul class=\"wp-block-list\">\n<li>La gestion du stress<\/li>\n\n\n\n<li>La confiance en soi<\/li>\n\n\n\n<li>La gestion des \u00e9motions<\/li>\n\n\n\n<li>Les troubles du sommeil<\/li>\n<\/ul>\n<\/div>\n\n\n\n<div class=\"wp-block-column is-layout-flow wp-block-column-is-layout-flow\">\n<p><strong>Accompagnement m\u00e9dical<\/strong><\/p>\n\n\n\n<ul class=\"wp-block-list\">\n<li>Accompagnement de la maladie<\/li>\n\n\n\n<li>Gestion de la douleur<\/li>\n<\/ul>\n<\/div>\n<\/div>\n\n\n\n<div class=\"wp-block-columns is-layout-flex wp-container-core-columns-is-layout-28f84493 wp-block-columns-is-layout-flex\">\n<div class=\"wp-block-column is-layout-flow wp-block-column-is-layout-flow\">\n<p><strong>La pr\u00e9paration mentale<\/strong><\/p>\n\n\n\n<ul class=\"wp-block-list\">\n<li>&nbsp;la pr\u00e9paration \u00e0 un examen, une comp\u00e9tition, un spectacle<\/li>\n<\/ul>\n<\/div>\n\n\n\n<div class=\"wp-block-column is-layout-flow wp-block-column-is-layout-flow\">\n<p><strong>Accompagnement de comportements pathologiques<\/strong><\/p>\n\n\n\n<ul class=\"wp-block-list\">\n<li>Gestion des phobies : agoraphobie, autophobie,<\/li>\n\n\n\n<li>Gestion des pulsions, anorexie, boulimie&nbsp;&nbsp;&nbsp;&nbsp;&nbsp;&nbsp;&nbsp;&nbsp;&nbsp;&nbsp;&nbsp;&nbsp;&nbsp;&nbsp;&nbsp;&nbsp;&nbsp;&nbsp;<\/li>\n\n\n\n<li>&nbsp;Gestion des addictions&nbsp;&nbsp;<\/li>\n<\/ul>\n<\/div>\n<\/div>\n\n\n\n<div class=\"wp-block-columns alignwide is-layout-flex wp-container-core-columns-is-layout-28f84493 wp-block-columns-is-layout-flex\">\n<div class=\"wp-block-column is-layout-flow wp-block-column-is-layout-flow\">\n<p><strong>Sous r\u00e9serve d\u2019un suivi aupr\u00e8s d\u2019un psychoth\u00e9rapeute et \/ou d\u2019un arr\u00eat d\u2019un minimum de 15 jours pour les addictions<\/strong><\/p>\n\n\n\n<p class=\"has-text-align-center has-background-color has-primary-background-color has-text-color has-background\"><strong>La sophrologie ne peut en aucun cas se substituer \u00e0 un traitement m\u00e9dical ni \u00e0 toute autre th\u00e9rapie clinique.<\/strong><\/p>\n\n\n\n<p>Je propose des accompagnements dans la bienveillance, l\u2019empathie et le non-jugement, aupr\u00e8s de&nbsp;publics&nbsp;:<\/p>\n\n\n\n<ul class=\"wp-block-list\">\n<li>Adultes<\/li>\n\n\n\n<li>Adolescents<\/li>\n\n\n\n<li>\u00c9tudiants<\/li>\n\n\n\n<li>S\u00e9niors<\/li>\n<\/ul>\n\n\n\n<p class=\"has-background-color has-primary-background-color has-text-color has-background\">Uniquement sur RDV&nbsp;le vendredi et samedi. Contactez moi par mail : nathalie72-poulain@outlook.fr ou par t\u00e9l\u00e9phone au 06 21 47 46 49 &#8211; Possibilit\u00e9 de proposer des s\u00e9ances le soir<\/p>\n\n\n\n<p>Je vous accueille dans un cadre calme, verdoyant et retir\u00e9 de la ville. Stationnement gratuit (bus ligne 20)<\/p>\n\n\n\n<p>Possibilit\u00e9 de me d\u00e9placer \u00e0 votre domicile (selon distance ,frais kilom\u00e9trique suppl\u00e9mentaire 0,63 )<\/p>\n\n\n\n<p>Je suis membre de la chambre syndicale de la sophrologie<\/p>\n\n\n\n<p>RNCP IFS PARIS 10 \u00e9me\u2019 (Catherine Aliotta) de niveau 5 (\u2018Europe) enregistr\u00e9 au r\u00e9pertoire national de la certifications professionnelles.<\/p>\n\n\n\n<p>Je suis tenue au secret professionnel et soumise au code de d\u00e9ontologie des sophrologues.<\/p>\n\n\n\n<p><a href=\"https:\/\/www.chambre-syndicale-sophrologie.fr\/deontologie-sophrologie\/\" target=\"_blank\" rel=\"noreferrer noopener\">https:\/\/www.chambre-syndicale-sophrologie.fr\/deontologie-sophrologie\/<\/a><\/p>\n<\/div>\n<\/div>\n\n\n\n<figure class=\"wp-block-image aligncenter size-full\"><img loading=\"lazy\" decoding=\"async\" width=\"196\" height=\"190\" src=\"https:\/\/xn--mesclsdevivance-fnb.fr\/wp-content\/uploads\/2023\/06\/logo-JPG-basse-def.jpg\" alt=\"\" class=\"wp-image-44\"\/><\/figure>\n<\/div>\n","protected":false},"excerpt":{"rendered":"<p>Accompagnement propos\u00e9 &amp; publics L&rsquo;am\u00e9lioration du quotidien Accompagnement m\u00e9dical La pr\u00e9paration mentale Accompagnement de comportements pathologiques Sous r\u00e9serve d\u2019un suivi aupr\u00e8s d\u2019un psychoth\u00e9rapeute et \/ou d\u2019un arr\u00eat d\u2019un minimum de 15 jours pour les addictions La sophrologie ne peut en aucun cas se substituer \u00e0 un traitement m\u00e9dical ni \u00e0 toute autre th\u00e9rapie clinique. Je [&hellip;]<\/p>\n","protected":false},"author":1,"featured_media":0,"parent":0,"menu_order":-5,"comment_status":"closed","ping_status":"closed","template":"","meta":{"footnotes":""},"class_list":["post-59","page","type-page","status-publish","hentry"],"yoast_head":"<!-- This site is optimized with the Yoast SEO plugin v27.5 - https:\/\/yoast.com\/product\/yoast-seo-wordpress\/ -->\n<title>am\u00e9lioration du quotidien - pr\u00e9paration mentale adultes, ,\u00e9tudiants,<\/title>\n<meta name=\"description\" content=\"bienveillance sophrologie Rouen rive droite accompagnement adolescents adultes \u00e9tudiants am\u00e9lioration du quotidien ,pr\u00e9paration mentale,\" \/>\n<meta name=\"robots\" content=\"index, follow, max-snippet:-1, max-image-preview:large, max-video-preview:-1\" \/>\n<link rel=\"canonical\" href=\"https:\/\/xn--mesclsdevivance-fnb.fr\/index.php\/publics-accompagnes\/\" \/>\n<meta property=\"og:locale\" content=\"fr_FR\" \/>\n<meta property=\"og:type\" content=\"article\" \/>\n<meta property=\"og:title\" content=\"am\u00e9lioration du quotidien - pr\u00e9paration mentale adultes, ,\u00e9tudiants,\" \/>\n<meta property=\"og:description\" content=\"bienveillance sophrologie Rouen rive droite accompagnement adolescents adultes \u00e9tudiants am\u00e9lioration du quotidien ,pr\u00e9paration mentale,\" \/>\n<meta property=\"og:url\" content=\"https:\/\/xn--mesclsdevivance-fnb.fr\/index.php\/publics-accompagnes\/\" \/>\n<meta property=\"og:site_name\" content=\"Nathalie Poulain, sophrologue\" \/>\n<meta property=\"article:modified_time\" content=\"2024-06-11T13:26:14+00:00\" \/>\n<meta property=\"og:image\" content=\"http:\/\/xn--mesclsdevivance-fnb.fr\/wp-content\/uploads\/2023\/06\/logo-JPG-basse-def.jpg\" \/>\n<meta name=\"twitter:card\" content=\"summary_large_image\" \/>\n<meta name=\"twitter:label1\" content=\"Dur\u00e9e de lecture estim\u00e9e\" \/>\n\t<meta name=\"twitter:data1\" content=\"2 minutes\" \/>\n<script type=\"application\/ld+json\" class=\"yoast-schema-graph\">{\"@context\":\"https:\\\/\\\/schema.org\",\"@graph\":[{\"@type\":\"WebPage\",\"@id\":\"https:\\\/\\\/xn--mesclsdevivance-fnb.fr\\\/index.php\\\/publics-accompagnes\\\/\",\"url\":\"https:\\\/\\\/xn--mesclsdevivance-fnb.fr\\\/index.php\\\/publics-accompagnes\\\/\",\"name\":\"am\u00e9lioration du quotidien - pr\u00e9paration mentale adultes, ,\u00e9tudiants,\",\"isPartOf\":{\"@id\":\"https:\\\/\\\/xn--mesclsdevivance-fnb.fr\\\/#website\"},\"primaryImageOfPage\":{\"@id\":\"https:\\\/\\\/xn--mesclsdevivance-fnb.fr\\\/index.php\\\/publics-accompagnes\\\/#primaryimage\"},\"image\":{\"@id\":\"https:\\\/\\\/xn--mesclsdevivance-fnb.fr\\\/index.php\\\/publics-accompagnes\\\/#primaryimage\"},\"thumbnailUrl\":\"http:\\\/\\\/xn--mesclsdevivance-fnb.fr\\\/wp-content\\\/uploads\\\/2023\\\/06\\\/logo-JPG-basse-def.jpg\",\"datePublished\":\"2023-10-03T12:25:54+00:00\",\"dateModified\":\"2024-06-11T13:26:14+00:00\",\"description\":\"bienveillance sophrologie Rouen rive droite accompagnement adolescents adultes \u00e9tudiants am\u00e9lioration du quotidien ,pr\u00e9paration mentale,\",\"breadcrumb\":{\"@id\":\"https:\\\/\\\/xn--mesclsdevivance-fnb.fr\\\/index.php\\\/publics-accompagnes\\\/#breadcrumb\"},\"inLanguage\":\"fr-FR\",\"potentialAction\":[{\"@type\":\"ReadAction\",\"target\":[\"https:\\\/\\\/xn--mesclsdevivance-fnb.fr\\\/index.php\\\/publics-accompagnes\\\/\"]}]},{\"@type\":\"ImageObject\",\"inLanguage\":\"fr-FR\",\"@id\":\"https:\\\/\\\/xn--mesclsdevivance-fnb.fr\\\/index.php\\\/publics-accompagnes\\\/#primaryimage\",\"url\":\"http:\\\/\\\/xn--mesclsdevivance-fnb.fr\\\/wp-content\\\/uploads\\\/2023\\\/06\\\/logo-JPG-basse-def.jpg\",\"contentUrl\":\"http:\\\/\\\/xn--mesclsdevivance-fnb.fr\\\/wp-content\\\/uploads\\\/2023\\\/06\\\/logo-JPG-basse-def.jpg\"},{\"@type\":\"BreadcrumbList\",\"@id\":\"https:\\\/\\\/xn--mesclsdevivance-fnb.fr\\\/index.php\\\/publics-accompagnes\\\/#breadcrumb\",\"itemListElement\":[{\"@type\":\"ListItem\",\"position\":1,\"name\":\"Accueil\",\"item\":\"https:\\\/\\\/xn--mesclsdevivance-fnb.fr\\\/\"},{\"@type\":\"ListItem\",\"position\":2,\"name\":\"Accompagnement &#038; Publics\"}]},{\"@type\":\"WebSite\",\"@id\":\"https:\\\/\\\/xn--mesclsdevivance-fnb.fr\\\/#website\",\"url\":\"https:\\\/\\\/xn--mesclsdevivance-fnb.fr\\\/\",\"name\":\"Nathalie Poulain, sophrologue\",\"description\":\"Mes Cl\u00e9s de vivance\",\"publisher\":{\"@id\":\"https:\\\/\\\/xn--mesclsdevivance-fnb.fr\\\/#organization\"},\"potentialAction\":[{\"@type\":\"SearchAction\",\"target\":{\"@type\":\"EntryPoint\",\"urlTemplate\":\"https:\\\/\\\/xn--mesclsdevivance-fnb.fr\\\/?s={search_term_string}\"},\"query-input\":{\"@type\":\"PropertyValueSpecification\",\"valueRequired\":true,\"valueName\":\"search_term_string\"}}],\"inLanguage\":\"fr-FR\"},{\"@type\":\"Organization\",\"@id\":\"https:\\\/\\\/xn--mesclsdevivance-fnb.fr\\\/#organization\",\"name\":\"Nathalie Poulain, sophrologue\",\"url\":\"https:\\\/\\\/xn--mesclsdevivance-fnb.fr\\\/\",\"logo\":{\"@type\":\"ImageObject\",\"inLanguage\":\"fr-FR\",\"@id\":\"https:\\\/\\\/xn--mesclsdevivance-fnb.fr\\\/#\\\/schema\\\/logo\\\/image\\\/\",\"url\":\"https:\\\/\\\/xn--mesclsdevivance-fnb.fr\\\/wp-content\\\/uploads\\\/2023\\\/10\\\/23-logo-clesdevivance.png\",\"contentUrl\":\"https:\\\/\\\/xn--mesclsdevivance-fnb.fr\\\/wp-content\\\/uploads\\\/2023\\\/10\\\/23-logo-clesdevivance.png\",\"width\":1080,\"height\":1080,\"caption\":\"Nathalie Poulain, sophrologue\"},\"image\":{\"@id\":\"https:\\\/\\\/xn--mesclsdevivance-fnb.fr\\\/#\\\/schema\\\/logo\\\/image\\\/\"}}]}<\/script>\n<!-- \/ Yoast SEO plugin. -->","yoast_head_json":{"title":"am\u00e9lioration du quotidien - pr\u00e9paration mentale adultes, ,\u00e9tudiants,","description":"bienveillance sophrologie Rouen rive droite accompagnement adolescents adultes \u00e9tudiants am\u00e9lioration du quotidien ,pr\u00e9paration mentale,","robots":{"index":"index","follow":"follow","max-snippet":"max-snippet:-1","max-image-preview":"max-image-preview:large","max-video-preview":"max-video-preview:-1"},"canonical":"https:\/\/xn--mesclsdevivance-fnb.fr\/index.php\/publics-accompagnes\/","og_locale":"fr_FR","og_type":"article","og_title":"am\u00e9lioration du quotidien - pr\u00e9paration mentale adultes, ,\u00e9tudiants,","og_description":"bienveillance sophrologie Rouen rive droite accompagnement adolescents adultes \u00e9tudiants am\u00e9lioration du quotidien ,pr\u00e9paration mentale,","og_url":"https:\/\/xn--mesclsdevivance-fnb.fr\/index.php\/publics-accompagnes\/","og_site_name":"Nathalie Poulain, sophrologue","article_modified_time":"2024-06-11T13:26:14+00:00","og_image":[{"url":"http:\/\/xn--mesclsdevivance-fnb.fr\/wp-content\/uploads\/2023\/06\/logo-JPG-basse-def.jpg","type":"","width":"","height":""}],"twitter_card":"summary_large_image","twitter_misc":{"Dur\u00e9e de lecture estim\u00e9e":"2 minutes"},"schema":{"@context":"https:\/\/schema.org","@graph":[{"@type":"WebPage","@id":"https:\/\/xn--mesclsdevivance-fnb.fr\/index.php\/publics-accompagnes\/","url":"https:\/\/xn--mesclsdevivance-fnb.fr\/index.php\/publics-accompagnes\/","name":"am\u00e9lioration du quotidien - pr\u00e9paration mentale adultes, ,\u00e9tudiants,","isPartOf":{"@id":"https:\/\/xn--mesclsdevivance-fnb.fr\/#website"},"primaryImageOfPage":{"@id":"https:\/\/xn--mesclsdevivance-fnb.fr\/index.php\/publics-accompagnes\/#primaryimage"},"image":{"@id":"https:\/\/xn--mesclsdevivance-fnb.fr\/index.php\/publics-accompagnes\/#primaryimage"},"thumbnailUrl":"http:\/\/xn--mesclsdevivance-fnb.fr\/wp-content\/uploads\/2023\/06\/logo-JPG-basse-def.jpg","datePublished":"2023-10-03T12:25:54+00:00","dateModified":"2024-06-11T13:26:14+00:00","description":"bienveillance sophrologie Rouen rive droite accompagnement adolescents adultes \u00e9tudiants am\u00e9lioration du quotidien ,pr\u00e9paration mentale,","breadcrumb":{"@id":"https:\/\/xn--mesclsdevivance-fnb.fr\/index.php\/publics-accompagnes\/#breadcrumb"},"inLanguage":"fr-FR","potentialAction":[{"@type":"ReadAction","target":["https:\/\/xn--mesclsdevivance-fnb.fr\/index.php\/publics-accompagnes\/"]}]},{"@type":"ImageObject","inLanguage":"fr-FR","@id":"https:\/\/xn--mesclsdevivance-fnb.fr\/index.php\/publics-accompagnes\/#primaryimage","url":"http:\/\/xn--mesclsdevivance-fnb.fr\/wp-content\/uploads\/2023\/06\/logo-JPG-basse-def.jpg","contentUrl":"http:\/\/xn--mesclsdevivance-fnb.fr\/wp-content\/uploads\/2023\/06\/logo-JPG-basse-def.jpg"},{"@type":"BreadcrumbList","@id":"https:\/\/xn--mesclsdevivance-fnb.fr\/index.php\/publics-accompagnes\/#breadcrumb","itemListElement":[{"@type":"ListItem","position":1,"name":"Accueil","item":"https:\/\/xn--mesclsdevivance-fnb.fr\/"},{"@type":"ListItem","position":2,"name":"Accompagnement &#038; Publics"}]},{"@type":"WebSite","@id":"https:\/\/xn--mesclsdevivance-fnb.fr\/#website","url":"https:\/\/xn--mesclsdevivance-fnb.fr\/","name":"Nathalie Poulain, sophrologue","description":"Mes Cl\u00e9s de vivance","publisher":{"@id":"https:\/\/xn--mesclsdevivance-fnb.fr\/#organization"},"potentialAction":[{"@type":"SearchAction","target":{"@type":"EntryPoint","urlTemplate":"https:\/\/xn--mesclsdevivance-fnb.fr\/?s={search_term_string}"},"query-input":{"@type":"PropertyValueSpecification","valueRequired":true,"valueName":"search_term_string"}}],"inLanguage":"fr-FR"},{"@type":"Organization","@id":"https:\/\/xn--mesclsdevivance-fnb.fr\/#organization","name":"Nathalie Poulain, sophrologue","url":"https:\/\/xn--mesclsdevivance-fnb.fr\/","logo":{"@type":"ImageObject","inLanguage":"fr-FR","@id":"https:\/\/xn--mesclsdevivance-fnb.fr\/#\/schema\/logo\/image\/","url":"https:\/\/xn--mesclsdevivance-fnb.fr\/wp-content\/uploads\/2023\/10\/23-logo-clesdevivance.png","contentUrl":"https:\/\/xn--mesclsdevivance-fnb.fr\/wp-content\/uploads\/2023\/10\/23-logo-clesdevivance.png","width":1080,"height":1080,"caption":"Nathalie Poulain, sophrologue"},"image":{"@id":"https:\/\/xn--mesclsdevivance-fnb.fr\/#\/schema\/logo\/image\/"}}]}},"_links":{"self":[{"href":"https:\/\/xn--mesclsdevivance-fnb.fr\/index.php\/wp-json\/wp\/v2\/pages\/59","targetHints":{"allow":["GET"]}}],"collection":[{"href":"https:\/\/xn--mesclsdevivance-fnb.fr\/index.php\/wp-json\/wp\/v2\/pages"}],"about":[{"href":"https:\/\/xn--mesclsdevivance-fnb.fr\/index.php\/wp-json\/wp\/v2\/types\/page"}],"author":[{"embeddable":true,"href":"https:\/\/xn--mesclsdevivance-fnb.fr\/index.php\/wp-json\/wp\/v2\/users\/1"}],"replies":[{"embeddable":true,"href":"https:\/\/xn--mesclsdevivance-fnb.fr\/index.php\/wp-json\/wp\/v2\/comments?post=59"}],"version-history":[{"count":30,"href":"https:\/\/xn--mesclsdevivance-fnb.fr\/index.php\/wp-json\/wp\/v2\/pages\/59\/revisions"}],"predecessor-version":[{"id":321,"href":"https:\/\/xn--mesclsdevivance-fnb.fr\/index.php\/wp-json\/wp\/v2\/pages\/59\/revisions\/321"}],"wp:attachment":[{"href":"https:\/\/xn--mesclsdevivance-fnb.fr\/index.php\/wp-json\/wp\/v2\/media?parent=59"}],"curies":[{"name":"wp","href":"https:\/\/api.w.org\/{rel}","templated":true}]}}