{"id":61,"date":"2023-10-09T12:00:26","date_gmt":"2023-10-09T10:00:26","guid":{"rendered":"http:\/\/xn--mesclsdevivance-fnb.fr\/?page_id=61"},"modified":"2024-06-11T15:23:05","modified_gmt":"2024-06-11T13:23:05","slug":"tarifs","status":"publish","type":"page","link":"https:\/\/xn--mesclsdevivance-fnb.fr\/index.php\/tarifs\/","title":{"rendered":"Tarifs"},"content":{"rendered":"\n<div class=\"wp-block-group alignfull is-layout-constrained wp-block-group-is-layout-constrained\" style=\"padding-top:22px;padding-bottom:22px\">\n<div class=\"wp-block-group alignwide is-layout-flow wp-block-group-is-layout-flow\">\n<div class=\"wp-block-columns is-layout-flex wp-container-core-columns-is-layout-28f84493 wp-block-columns-is-layout-flex\">\n<div class=\"wp-block-column is-vertically-aligned-center is-layout-flow wp-block-column-is-layout-flow\" style=\"flex-basis:20%\">\n<p>Tarifs<\/p>\n<\/div>\n\n\n\n<div class=\"wp-block-column is-vertically-aligned-center is-layout-flow wp-block-column-is-layout-flow\" style=\"flex-basis:80%\">\n<hr class=\"wp-block-separator has-css-opacity is-style-wide\"\/>\n<\/div>\n<\/div>\n<\/div>\n\n\n\n<div class=\"wp-block-columns alignwide is-layout-flex wp-container-core-columns-is-layout-28f84493 wp-block-columns-is-layout-flex\">\n<div class=\"wp-block-column is-layout-flow wp-block-column-is-layout-flow\">\n<p class=\"has-text-align-left\">Possibilit\u00e9 de remboursement d\u2019un nombre de s\u00e9ance selon mutuelle<\/p>\n\n\n\n<p class=\"has-text-align-center has-background-color has-primary-background-color has-text-color has-background\">Premi\u00e8re consultation adulte : 60 euros<br>Consultation de suivi adulte : 50 euros<br>Etudiant : 30 euros<br>Adolescent : 35 euros<br>Consultation en Visio : 45 euros<br>Entreprise : sur devis<\/p>\n\n\n\n<p class=\"has-text-align-left\"><br>Utilisation de Zoom pour les s\u00e9ances en distanciel<\/p>\n\n\n\n<p class=\"has-text-align-center has-background-color has-primary-background-color has-text-color has-background\">TVA Non applicable de l\u2019article 293B DU CGI<br>Types de paiement :<br>Carte bancaire, esp\u00e8ce, ch\u00e8que, virement<br>Information l\u00e9gale<br>Num\u00e9ro de SIRET : 912 489 853 00016<br>         Auto-entrepreneur     E -I<\/p>\n\n\n\n<iframe src=\"https:\/\/www.google.com\/maps\/embed?pb=!1m14!1m8!1m3!1d41510.85768978688!2d1.0912719644042976!3d49.43861573465129!3m2!1i1024!2i768!4f13.1!3m3!1m2!1s0x47e0dea38e6d80bf%3A0x1a5b16e86688835b!2s55%20Rue%20de%20Repainville%2C%2076000%20Rouen!5e0!3m2!1sfr!2sfr!4v1686840524578!5m2!1sfr!2sfr\" width=\"600\" height=\"450\" style=\"border:0;\" allowfullscreen=\"\" loading=\"lazy\" referrerpolicy=\"no-referrer-when-downgrade\"><\/iframe>\n<\/div>\n<\/div>\n\n\n\n<div class=\"wp-block-columns alignwide is-layout-flex wp-container-core-columns-is-layout-28f84493 wp-block-columns-is-layout-flex\">\n<div class=\"wp-block-column is-vertically-aligned-center is-layout-flow wp-block-column-is-layout-flow\">\n<hr class=\"wp-block-separator has-css-opacity is-style-wide\"\/>\n<\/div>\n<\/div>\n<\/div>\n","protected":false},"excerpt":{"rendered":"<p>Tarifs Possibilit\u00e9 de remboursement d\u2019un nombre de s\u00e9ance selon mutuelle Premi\u00e8re consultation adulte : 60 eurosConsultation de suivi adulte : 50 eurosEtudiant : 30 eurosAdolescent : 35 eurosConsultation en Visio : 45 eurosEntreprise : sur devis Utilisation de Zoom pour les s\u00e9ances en distanciel TVA Non applicable de l\u2019article 293B DU CGITypes de paiement :Carte [&hellip;]<\/p>\n","protected":false},"author":1,"featured_media":0,"parent":0,"menu_order":-6,"comment_status":"closed","ping_status":"closed","template":"","meta":{"footnotes":""},"class_list":["post-61","page","type-page","status-publish","hentry"],"yoast_head":"<!-- This site is optimized with the Yoast SEO plugin v27.4 - https:\/\/yoast.com\/product\/yoast-seo-wordpress\/ -->\n<title>Mes Cl\u00e9s de Vivance Tarif d&#039;une s\u00e9ance de sophrologie Rouen<\/title>\n<meta name=\"description\" content=\"Tarifs premi\u00e8re s\u00e9ance , tarif s\u00e9ance de suivi ,remboursement d&#039;un nombre de s\u00e9ance selon mutuelle ,utilisation de zoom en distanciel ,\" \/>\n<meta name=\"robots\" content=\"index, follow, max-snippet:-1, max-image-preview:large, max-video-preview:-1\" \/>\n<link rel=\"canonical\" href=\"https:\/\/xn--mesclsdevivance-fnb.fr\/index.php\/tarifs\/\" \/>\n<meta property=\"og:locale\" content=\"fr_FR\" \/>\n<meta property=\"og:type\" content=\"article\" \/>\n<meta property=\"og:title\" content=\"Mes Cl\u00e9s de Vivance Tarif d&#039;une s\u00e9ance de sophrologie Rouen\" \/>\n<meta property=\"og:description\" content=\"Tarifs premi\u00e8re s\u00e9ance , tarif s\u00e9ance de suivi ,remboursement d&#039;un nombre de s\u00e9ance selon mutuelle ,utilisation de zoom en distanciel ,\" \/>\n<meta property=\"og:url\" content=\"https:\/\/xn--mesclsdevivance-fnb.fr\/index.php\/tarifs\/\" \/>\n<meta property=\"og:site_name\" content=\"Nathalie Poulain, sophrologue\" \/>\n<meta property=\"article:modified_time\" content=\"2024-06-11T13:23:05+00:00\" \/>\n<meta name=\"twitter:card\" content=\"summary_large_image\" \/>\n<meta name=\"twitter:label1\" content=\"Dur\u00e9e de lecture estim\u00e9e\" \/>\n\t<meta name=\"twitter:data1\" content=\"1 minute\" \/>\n<script type=\"application\/ld+json\" class=\"yoast-schema-graph\">{\"@context\":\"https:\\\/\\\/schema.org\",\"@graph\":[{\"@type\":\"WebPage\",\"@id\":\"https:\\\/\\\/xn--mesclsdevivance-fnb.fr\\\/index.php\\\/tarifs\\\/\",\"url\":\"https:\\\/\\\/xn--mesclsdevivance-fnb.fr\\\/index.php\\\/tarifs\\\/\",\"name\":\"Mes Cl\u00e9s de Vivance Tarif d'une s\u00e9ance de sophrologie Rouen\",\"isPartOf\":{\"@id\":\"https:\\\/\\\/xn--mesclsdevivance-fnb.fr\\\/#website\"},\"datePublished\":\"2023-10-09T10:00:26+00:00\",\"dateModified\":\"2024-06-11T13:23:05+00:00\",\"description\":\"Tarifs premi\u00e8re s\u00e9ance , tarif s\u00e9ance de suivi ,remboursement d'un nombre de s\u00e9ance selon mutuelle ,utilisation de zoom en distanciel ,\",\"breadcrumb\":{\"@id\":\"https:\\\/\\\/xn--mesclsdevivance-fnb.fr\\\/index.php\\\/tarifs\\\/#breadcrumb\"},\"inLanguage\":\"fr-FR\",\"potentialAction\":[{\"@type\":\"ReadAction\",\"target\":[\"https:\\\/\\\/xn--mesclsdevivance-fnb.fr\\\/index.php\\\/tarifs\\\/\"]}]},{\"@type\":\"BreadcrumbList\",\"@id\":\"https:\\\/\\\/xn--mesclsdevivance-fnb.fr\\\/index.php\\\/tarifs\\\/#breadcrumb\",\"itemListElement\":[{\"@type\":\"ListItem\",\"position\":1,\"name\":\"Accueil\",\"item\":\"https:\\\/\\\/xn--mesclsdevivance-fnb.fr\\\/\"},{\"@type\":\"ListItem\",\"position\":2,\"name\":\"Tarifs\"}]},{\"@type\":\"WebSite\",\"@id\":\"https:\\\/\\\/xn--mesclsdevivance-fnb.fr\\\/#website\",\"url\":\"https:\\\/\\\/xn--mesclsdevivance-fnb.fr\\\/\",\"name\":\"Nathalie Poulain, sophrologue\",\"description\":\"Mes Cl\u00e9s de vivance\",\"publisher\":{\"@id\":\"https:\\\/\\\/xn--mesclsdevivance-fnb.fr\\\/#organization\"},\"potentialAction\":[{\"@type\":\"SearchAction\",\"target\":{\"@type\":\"EntryPoint\",\"urlTemplate\":\"https:\\\/\\\/xn--mesclsdevivance-fnb.fr\\\/?s={search_term_string}\"},\"query-input\":{\"@type\":\"PropertyValueSpecification\",\"valueRequired\":true,\"valueName\":\"search_term_string\"}}],\"inLanguage\":\"fr-FR\"},{\"@type\":\"Organization\",\"@id\":\"https:\\\/\\\/xn--mesclsdevivance-fnb.fr\\\/#organization\",\"name\":\"Nathalie Poulain, sophrologue\",\"url\":\"https:\\\/\\\/xn--mesclsdevivance-fnb.fr\\\/\",\"logo\":{\"@type\":\"ImageObject\",\"inLanguage\":\"fr-FR\",\"@id\":\"https:\\\/\\\/xn--mesclsdevivance-fnb.fr\\\/#\\\/schema\\\/logo\\\/image\\\/\",\"url\":\"https:\\\/\\\/xn--mesclsdevivance-fnb.fr\\\/wp-content\\\/uploads\\\/2023\\\/10\\\/23-logo-clesdevivance.png\",\"contentUrl\":\"https:\\\/\\\/xn--mesclsdevivance-fnb.fr\\\/wp-content\\\/uploads\\\/2023\\\/10\\\/23-logo-clesdevivance.png\",\"width\":1080,\"height\":1080,\"caption\":\"Nathalie Poulain, sophrologue\"},\"image\":{\"@id\":\"https:\\\/\\\/xn--mesclsdevivance-fnb.fr\\\/#\\\/schema\\\/logo\\\/image\\\/\"}}]}<\/script>\n<!-- \/ Yoast SEO plugin. -->","yoast_head_json":{"title":"Mes Cl\u00e9s de Vivance Tarif d'une s\u00e9ance de sophrologie Rouen","description":"Tarifs premi\u00e8re s\u00e9ance , tarif s\u00e9ance de suivi ,remboursement d'un nombre de s\u00e9ance selon mutuelle ,utilisation de zoom en distanciel ,","robots":{"index":"index","follow":"follow","max-snippet":"max-snippet:-1","max-image-preview":"max-image-preview:large","max-video-preview":"max-video-preview:-1"},"canonical":"https:\/\/xn--mesclsdevivance-fnb.fr\/index.php\/tarifs\/","og_locale":"fr_FR","og_type":"article","og_title":"Mes Cl\u00e9s de Vivance Tarif d'une s\u00e9ance de sophrologie Rouen","og_description":"Tarifs premi\u00e8re s\u00e9ance , tarif s\u00e9ance de suivi ,remboursement d'un nombre de s\u00e9ance selon mutuelle ,utilisation de zoom en distanciel ,","og_url":"https:\/\/xn--mesclsdevivance-fnb.fr\/index.php\/tarifs\/","og_site_name":"Nathalie Poulain, sophrologue","article_modified_time":"2024-06-11T13:23:05+00:00","twitter_card":"summary_large_image","twitter_misc":{"Dur\u00e9e de lecture estim\u00e9e":"1 minute"},"schema":{"@context":"https:\/\/schema.org","@graph":[{"@type":"WebPage","@id":"https:\/\/xn--mesclsdevivance-fnb.fr\/index.php\/tarifs\/","url":"https:\/\/xn--mesclsdevivance-fnb.fr\/index.php\/tarifs\/","name":"Mes Cl\u00e9s de Vivance Tarif d'une s\u00e9ance de sophrologie Rouen","isPartOf":{"@id":"https:\/\/xn--mesclsdevivance-fnb.fr\/#website"},"datePublished":"2023-10-09T10:00:26+00:00","dateModified":"2024-06-11T13:23:05+00:00","description":"Tarifs premi\u00e8re s\u00e9ance , tarif s\u00e9ance de suivi ,remboursement d'un nombre de s\u00e9ance selon mutuelle ,utilisation de zoom en distanciel ,","breadcrumb":{"@id":"https:\/\/xn--mesclsdevivance-fnb.fr\/index.php\/tarifs\/#breadcrumb"},"inLanguage":"fr-FR","potentialAction":[{"@type":"ReadAction","target":["https:\/\/xn--mesclsdevivance-fnb.fr\/index.php\/tarifs\/"]}]},{"@type":"BreadcrumbList","@id":"https:\/\/xn--mesclsdevivance-fnb.fr\/index.php\/tarifs\/#breadcrumb","itemListElement":[{"@type":"ListItem","position":1,"name":"Accueil","item":"https:\/\/xn--mesclsdevivance-fnb.fr\/"},{"@type":"ListItem","position":2,"name":"Tarifs"}]},{"@type":"WebSite","@id":"https:\/\/xn--mesclsdevivance-fnb.fr\/#website","url":"https:\/\/xn--mesclsdevivance-fnb.fr\/","name":"Nathalie Poulain, sophrologue","description":"Mes Cl\u00e9s de vivance","publisher":{"@id":"https:\/\/xn--mesclsdevivance-fnb.fr\/#organization"},"potentialAction":[{"@type":"SearchAction","target":{"@type":"EntryPoint","urlTemplate":"https:\/\/xn--mesclsdevivance-fnb.fr\/?s={search_term_string}"},"query-input":{"@type":"PropertyValueSpecification","valueRequired":true,"valueName":"search_term_string"}}],"inLanguage":"fr-FR"},{"@type":"Organization","@id":"https:\/\/xn--mesclsdevivance-fnb.fr\/#organization","name":"Nathalie Poulain, sophrologue","url":"https:\/\/xn--mesclsdevivance-fnb.fr\/","logo":{"@type":"ImageObject","inLanguage":"fr-FR","@id":"https:\/\/xn--mesclsdevivance-fnb.fr\/#\/schema\/logo\/image\/","url":"https:\/\/xn--mesclsdevivance-fnb.fr\/wp-content\/uploads\/2023\/10\/23-logo-clesdevivance.png","contentUrl":"https:\/\/xn--mesclsdevivance-fnb.fr\/wp-content\/uploads\/2023\/10\/23-logo-clesdevivance.png","width":1080,"height":1080,"caption":"Nathalie Poulain, sophrologue"},"image":{"@id":"https:\/\/xn--mesclsdevivance-fnb.fr\/#\/schema\/logo\/image\/"}}]}},"_links":{"self":[{"href":"https:\/\/xn--mesclsdevivance-fnb.fr\/index.php\/wp-json\/wp\/v2\/pages\/61","targetHints":{"allow":["GET"]}}],"collection":[{"href":"https:\/\/xn--mesclsdevivance-fnb.fr\/index.php\/wp-json\/wp\/v2\/pages"}],"about":[{"href":"https:\/\/xn--mesclsdevivance-fnb.fr\/index.php\/wp-json\/wp\/v2\/types\/page"}],"author":[{"embeddable":true,"href":"https:\/\/xn--mesclsdevivance-fnb.fr\/index.php\/wp-json\/wp\/v2\/users\/1"}],"replies":[{"embeddable":true,"href":"https:\/\/xn--mesclsdevivance-fnb.fr\/index.php\/wp-json\/wp\/v2\/comments?post=61"}],"version-history":[{"count":18,"href":"https:\/\/xn--mesclsdevivance-fnb.fr\/index.php\/wp-json\/wp\/v2\/pages\/61\/revisions"}],"predecessor-version":[{"id":317,"href":"https:\/\/xn--mesclsdevivance-fnb.fr\/index.php\/wp-json\/wp\/v2\/pages\/61\/revisions\/317"}],"wp:attachment":[{"href":"https:\/\/xn--mesclsdevivance-fnb.fr\/index.php\/wp-json\/wp\/v2\/media?parent=61"}],"curies":[{"name":"wp","href":"https:\/\/api.w.org\/{rel}","templated":true}]}}